{"id":1105,"date":"2023-05-18T15:41:49","date_gmt":"2023-05-18T15:41:49","guid":{"rendered":"https:\/\/cab.org.bo\/web\/?page_id=1105"},"modified":"2023-10-03T15:05:05","modified_gmt":"2023-10-03T15:05:05","slug":"beneficios-academicos","status":"publish","type":"page","link":"https:\/\/cab.org.bo\/web\/beneficios-academicos\/","title":{"rendered":"Beneficios acad\u00e9micos"},"content":{"rendered":"\n<p>Los convenios con universidades tienen por objetivo promover e impulsar la formaci\u00f3n y actualizaci\u00f3n permanente a trav\u00e9s de programas posgraduales, as\u00ed como promover la investigaci\u00f3n con el objetivo de generar conocimiento en el rubro arquitect\u00f3nico. El marco de estos convenios tambi\u00e9n impulsan la organizaci\u00f3n de actividades para potenciar la movilidad docente y la organizaci\u00f3n de ciclos acad\u00e9micos a trav\u00e9s de congresos, talleres y seminarios a escala nacional e internacional.&nbsp;<\/p>\n\n\n\n<ul class=\"wp-block-list\">\n<li><a href=\"https:\/\/drive.google.com\/file\/d\/1Bgr2-2UvK5ftah3hQIj8hIz_RVdMcoC-\/view?usp=share_link\" target=\"_blank\" rel=\"noreferrer noopener\">Universidad Univalle<\/a><\/li>\n\n\n\n<li><a href=\"https:\/\/drive.google.com\/file\/d\/1BbaOzTb-_ObXGXeuK7GDFXg7dh_EK0qR\/view?usp=share_link\" target=\"_blank\" rel=\"noreferrer noopener\">Universidad Mayor Real y Pontificia de San Francisco Xavier de Chuquisaca<\/a><\/li>\n\n\n\n<li><a href=\"https:\/\/drive.google.com\/file\/d\/1BOpHi7YzHIJE1IfI_9HEfmgc1NzDV8_V\/view?usp=share_link\" target=\"_blank\" rel=\"noreferrer noopener\">Universidad Mayor de San Sim\u00f3n<\/a>&nbsp;<\/li>\n\n\n\n<li><a href=\"https:\/\/drive.google.com\/file\/d\/1Bf4wb-PupOkG4qzcg-XOu_UU-pU4T4Qu\/view?usp=share_link\" target=\"_blank\" rel=\"noreferrer noopener\">Universidad Aut\u00f3noma Gabriel Ren\u00e9 Moreno<\/a><\/li>\n\n\n\n<li><a href=\"https:\/\/drive.google.com\/file\/d\/1BijiTtJBp4bwgWJnNaXZHEOvIZNNzIGN\/view?usp=share_link\" target=\"_blank\" rel=\"noreferrer noopener\">Universidad Amaz\u00f3nica de Pando&nbsp;<\/a><\/li>\n\n\n\n<li><a href=\"https:\/\/drive.google.com\/drive\/folders\/1B98a99u1F90ik-ejJMGGUSkgE7veEtzk?usp=share_link\" target=\"_blank\" rel=\"noreferrer noopener\">Escuela Superior de administraci\u00f3n, marketing y negocios (ESAM)<\/a><\/li>\n\n\n\n<li><a href=\"https:\/\/drive.google.com\/file\/d\/1hqU1_J2uLSAsV02CMq_AEzEOoTkuQNfZ\/view?usp=sharing\" target=\"_blank\" rel=\"noreferrer noopener\">Universidad Unifranz<\/a><\/li>\n\n\n\n<li><a href=\"https:\/\/drive.google.com\/file\/d\/13-9F87WDMfwwVVm932pLhE6DCs4ewWZJ\/view?usp=sharing\" target=\"_blank\" rel=\"noreferrer noopener\">Universidad Cat\u00f3lica Boliviana \u00abSan Pablo\u00bb<\/a><\/li>\n\n\n\n<li><a href=\"https:\/\/drive.google.com\/file\/d\/1S1QJQXwy62_RNjn8ks1HIyP2oil_3HEe\/view?usp=drive_link\" target=\"_blank\" rel=\"noreferrer noopener\">COGNOS<\/a><\/li>\n<\/ul>\n","protected":false},"excerpt":{"rendered":"<p>Los convenios con universidades tienen por objetivo promover e impulsar la formaci\u00f3n y actualizaci\u00f3n permanente a trav\u00e9s de programas posgraduales, as\u00ed como promover la investigaci\u00f3n con el objetivo de generar conocimiento en el rubro arquitect\u00f3nico. El marco de estos convenios tambi\u00e9n impulsan la organizaci\u00f3n de actividades para potenciar la movilidad docente y la organizaci\u00f3n de [&hellip;]<\/p>\n","protected":false},"author":1,"featured_media":0,"parent":0,"menu_order":0,"comment_status":"closed","ping_status":"closed","template":"","meta":{"footnotes":""},"class_list":["post-1105","page","type-page","status-publish","hentry"],"_links":{"self":[{"href":"https:\/\/cab.org.bo\/web\/wp-json\/wp\/v2\/pages\/1105","targetHints":{"allow":["GET"]}}],"collection":[{"href":"https:\/\/cab.org.bo\/web\/wp-json\/wp\/v2\/pages"}],"about":[{"href":"https:\/\/cab.org.bo\/web\/wp-json\/wp\/v2\/types\/page"}],"author":[{"embeddable":true,"href":"https:\/\/cab.org.bo\/web\/wp-json\/wp\/v2\/users\/1"}],"replies":[{"embeddable":true,"href":"https:\/\/cab.org.bo\/web\/wp-json\/wp\/v2\/comments?post=1105"}],"version-history":[{"count":3,"href":"https:\/\/cab.org.bo\/web\/wp-json\/wp\/v2\/pages\/1105\/revisions"}],"predecessor-version":[{"id":1210,"href":"https:\/\/cab.org.bo\/web\/wp-json\/wp\/v2\/pages\/1105\/revisions\/1210"}],"wp:attachment":[{"href":"https:\/\/cab.org.bo\/web\/wp-json\/wp\/v2\/media?parent=1105"}],"curies":[{"name":"wp","href":"https:\/\/api.w.org\/{rel}","templated":true}]}}