{"id":1106,"date":"2023-05-18T15:41:47","date_gmt":"2023-05-18T15:41:47","guid":{"rendered":"https:\/\/cab.org.bo\/web\/?page_id=1106"},"modified":"2023-05-18T15:41:48","modified_gmt":"2023-05-18T15:41:48","slug":"beneficios-institucionales","status":"publish","type":"page","link":"https:\/\/cab.org.bo\/web\/beneficios-institucionales\/","title":{"rendered":"Beneficios institucionales"},"content":{"rendered":"\n<p>Gracias a los acuerdos institucionales se facilitan los mecanismos de cooperaci\u00f3n enfocados en el asesoramiento t\u00e9cnico y competencias de cada instituci\u00f3n. De igual manera gestionar concursos de dise\u00f1o y proyectos que contribuyan a la interacci\u00f3n profesional.&nbsp;<\/p>\n\n\n\n<ul class=\"wp-block-list\">\n<li><a href=\"https:\/\/drive.google.com\/file\/d\/1BCMoIOKJJXR4BLaxeuHKkIci7mHGtkAS\/view?usp=share_link\" target=\"_blank\" rel=\"noreferrer noopener\">Ministerio de Culturas, Descolonizaci\u00f3n y Despatriarcalizaci\u00f3n\u00a0<\/a><\/li>\n\n\n\n<li><a href=\"https:\/\/drive.google.com\/file\/d\/1BcLBm_Pf8NyLTO8ObJEx0FYkAH4sUpRC\/view?usp=share_link\" target=\"_blank\" rel=\"noreferrer noopener\">Asociaci\u00f3n Boliviana de Arquitectura e Ingenier\u00eda Hospitalaria (ABAIH)<\/a><\/li>\n\n\n\n<li><a href=\"https:\/\/drive.google.com\/drive\/folders\/1B6FR6zoHNd1i9-nErZ-wM0rLcdVIdBwU?usp=share_link\" target=\"_blank\" rel=\"noreferrer noopener\">Agencia Estatal de Vivienda<\/a><\/li>\n<\/ul>\n","protected":false},"excerpt":{"rendered":"<p>Gracias a los acuerdos institucionales se facilitan los mecanismos de cooperaci\u00f3n enfocados en el asesoramiento t\u00e9cnico y competencias de cada instituci\u00f3n. De igual manera gestionar concursos de dise\u00f1o y proyectos que contribuyan a la interacci\u00f3n profesional.&nbsp;<\/p>\n","protected":false},"author":1,"featured_media":0,"parent":0,"menu_order":0,"comment_status":"closed","ping_status":"closed","template":"","meta":{"footnotes":""},"class_list":["post-1106","page","type-page","status-publish","hentry"],"_links":{"self":[{"href":"https:\/\/cab.org.bo\/web\/wp-json\/wp\/v2\/pages\/1106","targetHints":{"allow":["GET"]}}],"collection":[{"href":"https:\/\/cab.org.bo\/web\/wp-json\/wp\/v2\/pages"}],"about":[{"href":"https:\/\/cab.org.bo\/web\/wp-json\/wp\/v2\/types\/page"}],"author":[{"embeddable":true,"href":"https:\/\/cab.org.bo\/web\/wp-json\/wp\/v2\/users\/1"}],"replies":[{"embeddable":true,"href":"https:\/\/cab.org.bo\/web\/wp-json\/wp\/v2\/comments?post=1106"}],"version-history":[{"count":1,"href":"https:\/\/cab.org.bo\/web\/wp-json\/wp\/v2\/pages\/1106\/revisions"}],"predecessor-version":[{"id":1107,"href":"https:\/\/cab.org.bo\/web\/wp-json\/wp\/v2\/pages\/1106\/revisions\/1107"}],"wp:attachment":[{"href":"https:\/\/cab.org.bo\/web\/wp-json\/wp\/v2\/media?parent=1106"}],"curies":[{"name":"wp","href":"https:\/\/api.w.org\/{rel}","templated":true}]}}