{"id":1846,"date":"2024-09-18T20:37:45","date_gmt":"2024-09-18T20:37:45","guid":{"rendered":"https:\/\/cab.org.bo\/web\/?page_id=1846"},"modified":"2024-09-18T20:41:03","modified_gmt":"2024-09-18T20:41:03","slug":"universidad-autonoma-tomas-frias","status":"publish","type":"page","link":"https:\/\/cab.org.bo\/web\/universidad-autonoma-tomas-frias\/","title":{"rendered":"Universidad Aut\u00f3noma Tom\u00e1s Frias"},"content":{"rendered":"\t\t<div data-elementor-type=\"wp-page\" data-elementor-id=\"1846\" class=\"elementor elementor-1846\" data-elementor-post-type=\"page\">\n\t\t\t\t\t\t<section class=\"elementor-section elementor-top-section elementor-element elementor-element-63fb066 elementor-section-boxed elementor-section-height-default elementor-section-height-default\" data-id=\"63fb066\" data-element_type=\"section\" data-e-type=\"section\">\n\t\t\t\t\t\t<div class=\"elementor-container elementor-column-gap-default\">\n\t\t\t\t\t<div class=\"elementor-column elementor-col-100 elementor-top-column elementor-element elementor-element-d365618\" data-id=\"d365618\" data-element_type=\"column\" data-e-type=\"column\">\n\t\t\t<div class=\"elementor-widget-wrap elementor-element-populated\">\n\t\t\t\t\t\t<div class=\"elementor-element elementor-element-10af1a3 elementor-align-justify elementor-widget__width-inherit elementor-widget elementor-widget-button\" data-id=\"10af1a3\" data-element_type=\"widget\" data-e-type=\"widget\" data-widget_type=\"button.default\">\n\t\t\t\t<div class=\"elementor-widget-container\">\n\t\t\t\t\t\t\t\t\t<div class=\"elementor-button-wrapper\">\n\t\t\t\t\t<a class=\"elementor-button elementor-button-link elementor-size-sm\" href=\"https:\/\/drive.google.com\/file\/d\/1hjB8PaQ-NQQ7-ZP6x6SftF3uQLxorCFK\/view?usp=sharing\">\n\t\t\t\t\t\t<span class=\"elementor-button-content-wrapper\">\n\t\t\t\t\t\t\t\t\t<span class=\"elementor-button-text\">diplomado en restauraci\u00f3n de bienes inmuebles patrimoniales<\/span>\n\t\t\t\t\t<\/span>\n\t\t\t\t\t<\/a>\n\t\t\t\t<\/div>\n\t\t\t\t\t\t\t\t<\/div>\n\t\t\t\t<\/div>\n\t\t\t\t<div class=\"elementor-element elementor-element-b490141 elementor-align-justify elementor-widget__width-inherit elementor-widget elementor-widget-button\" data-id=\"b490141\" data-element_type=\"widget\" data-e-type=\"widget\" data-widget_type=\"button.default\">\n\t\t\t\t<div class=\"elementor-widget-container\">\n\t\t\t\t\t\t\t\t\t<div class=\"elementor-button-wrapper\">\n\t\t\t\t\t<a class=\"elementor-button elementor-button-link elementor-size-sm\" href=\"https:\/\/drive.google.com\/file\/d\/1kK9sx76l48I-M8xXhW9z71WTOKZ0pyoA\/view?usp=sharing\">\n\t\t\t\t\t\t<span class=\"elementor-button-content-wrapper\">\n\t\t\t\t\t\t\t\t\t<span class=\"elementor-button-text\">diplomado en dise\u00f1o param\u00e9trico en arquitectura <\/span>\n\t\t\t\t\t<\/span>\n\t\t\t\t\t<\/a>\n\t\t\t\t<\/div>\n\t\t\t\t\t\t\t\t<\/div>\n\t\t\t\t<\/div>\n\t\t\t\t<div class=\"elementor-element elementor-element-8bedab7 elementor-align-justify elementor-widget__width-inherit elementor-widget elementor-widget-button\" data-id=\"8bedab7\" data-element_type=\"widget\" data-e-type=\"widget\" data-widget_type=\"button.default\">\n\t\t\t\t<div class=\"elementor-widget-container\">\n\t\t\t\t\t\t\t\t\t<div class=\"elementor-button-wrapper\">\n\t\t\t\t\t<a class=\"elementor-button elementor-button-link elementor-size-sm\" href=\"https:\/\/drive.google.com\/file\/d\/1ggfwB6yUJSFe3_6Xbn6n8PpOZ-CsOYNp\/view?usp=sharing\">\n\t\t\t\t\t\t<span class=\"elementor-button-content-wrapper\">\n\t\t\t\t\t\t\t\t\t<span class=\"elementor-button-text\">diplomado en inteligencia artificial aplicado a la arquitectura<\/span>\n\t\t\t\t\t<\/span>\n\t\t\t\t\t<\/a>\n\t\t\t\t<\/div>\n\t\t\t\t\t\t\t\t<\/div>\n\t\t\t\t<\/div>\n\t\t\t\t\t<\/div>\n\t\t<\/div>\n\t\t\t\t\t<\/div>\n\t\t<\/section>\n\t\t\t\t<\/div>\n\t\t","protected":false},"excerpt":{"rendered":"<p>diplomado en restauraci\u00f3n de bienes inmuebles patrimoniales diplomado en dise\u00f1o param\u00e9trico en arquitectura diplomado en inteligencia artificial aplicado a la arquitectura<\/p>\n","protected":false},"author":3,"featured_media":0,"parent":0,"menu_order":0,"comment_status":"closed","ping_status":"closed","template":"","meta":{"footnotes":""},"class_list":["post-1846","page","type-page","status-publish","hentry"],"_links":{"self":[{"href":"https:\/\/cab.org.bo\/web\/wp-json\/wp\/v2\/pages\/1846","targetHints":{"allow":["GET"]}}],"collection":[{"href":"https:\/\/cab.org.bo\/web\/wp-json\/wp\/v2\/pages"}],"about":[{"href":"https:\/\/cab.org.bo\/web\/wp-json\/wp\/v2\/types\/page"}],"author":[{"embeddable":true,"href":"https:\/\/cab.org.bo\/web\/wp-json\/wp\/v2\/users\/3"}],"replies":[{"embeddable":true,"href":"https:\/\/cab.org.bo\/web\/wp-json\/wp\/v2\/comments?post=1846"}],"version-history":[{"count":5,"href":"https:\/\/cab.org.bo\/web\/wp-json\/wp\/v2\/pages\/1846\/revisions"}],"predecessor-version":[{"id":1852,"href":"https:\/\/cab.org.bo\/web\/wp-json\/wp\/v2\/pages\/1846\/revisions\/1852"}],"wp:attachment":[{"href":"https:\/\/cab.org.bo\/web\/wp-json\/wp\/v2\/media?parent=1846"}],"curies":[{"name":"wp","href":"https:\/\/api.w.org\/{rel}","templated":true}]}}