{"id":1877,"date":"2025-01-08T19:40:23","date_gmt":"2025-01-08T19:40:23","guid":{"rendered":"https:\/\/cab.org.bo\/web\/?page_id=1877"},"modified":"2026-04-25T19:02:06","modified_gmt":"2026-04-25T19:02:06","slug":"protocolo-de-registro-de-propiedad-intelectual","status":"publish","type":"page","link":"https:\/\/cab.org.bo\/web\/protocolo-de-registro-de-propiedad-intelectual\/","title":{"rendered":"Protocolo de registro de propiedad intelectual"},"content":{"rendered":"\n<div class=\"cab-quote-note\">\n  <p class=\"cab-quote-note__text\">\n    Para lograr un exitoso registro de propiedad intelectual de su proyecto debe seguir el siguiente protocolo.\n  <\/p>\n<\/div>\n<style>\n.cab-quote-note {\n  position: relative;\n  padding: 20px 22px 20px 26px;\n  background: #f6f7f8;\n  border: 1px solid #e4e8ec;\n  border-left: 4px solid #1d9b97;\n  font-family: \"Sofia Sans\", sans-serif;\n  margin-bottom: 20px;\n}\n\n.cab-quote-note__text {\n  margin: 0;\n  font-size: 1.02rem;\n  line-height: 1.65;\n  color: #2f3a40;\n  max-width: 58ch;\n}\n\n\n<\/style>\n\n\n\n<ol class=\"wp-block-list\">\n<li>Completar el proyecto seg\u00fan los par\u00e1metros regionales establecidos, para facilitar su registro de propiedad intelectual.<\/li>\n\n\n\n<li>Obtener el certificado que autoriza al arquitecto a presentar el proyecto en una regi\u00f3n diferente a la de su residencia. Este tr\u00e1mite se realiza ante la secretar\u00eda del colegio departamental, local o regional correspondiente. Para obtener esta certificaci\u00f3n, el arquitecto debe estar al d\u00eda con sus cuotas en su colegio departamental, regional o local, as\u00ed como en el Colegio de Arquitectos de Bolivia.<\/li>\n\n\n\n<li>Con esta certificaci\u00f3n, se proceder\u00e1 a presentar el proyecto para su registro de propiedad intelectual en el colegio correspondiente.<\/li>\n<\/ol>\n\n\n\n<p><\/p>\n","protected":false},"excerpt":{"rendered":"<p>Para lograr un exitoso registro de propiedad intelectual de su proyecto debe seguir el siguiente protocolo.<\/p>\n","protected":false},"author":3,"featured_media":0,"parent":0,"menu_order":0,"comment_status":"closed","ping_status":"closed","template":"","meta":{"footnotes":""},"class_list":["post-1877","page","type-page","status-publish","hentry"],"_links":{"self":[{"href":"https:\/\/cab.org.bo\/web\/wp-json\/wp\/v2\/pages\/1877","targetHints":{"allow":["GET"]}}],"collection":[{"href":"https:\/\/cab.org.bo\/web\/wp-json\/wp\/v2\/pages"}],"about":[{"href":"https:\/\/cab.org.bo\/web\/wp-json\/wp\/v2\/types\/page"}],"author":[{"embeddable":true,"href":"https:\/\/cab.org.bo\/web\/wp-json\/wp\/v2\/users\/3"}],"replies":[{"embeddable":true,"href":"https:\/\/cab.org.bo\/web\/wp-json\/wp\/v2\/comments?post=1877"}],"version-history":[{"count":13,"href":"https:\/\/cab.org.bo\/web\/wp-json\/wp\/v2\/pages\/1877\/revisions"}],"predecessor-version":[{"id":2409,"href":"https:\/\/cab.org.bo\/web\/wp-json\/wp\/v2\/pages\/1877\/revisions\/2409"}],"wp:attachment":[{"href":"https:\/\/cab.org.bo\/web\/wp-json\/wp\/v2\/media?parent=1877"}],"curies":[{"name":"wp","href":"https:\/\/api.w.org\/{rel}","templated":true}]}}