{"id":227,"date":"2022-11-09T19:52:01","date_gmt":"2022-11-09T19:52:01","guid":{"rendered":"https:\/\/cab.org.bo\/web\/?page_id=227"},"modified":"2022-12-08T19:54:38","modified_gmt":"2022-12-08T19:54:38","slug":"mision","status":"publish","type":"page","link":"https:\/\/cab.org.bo\/web\/mision\/","title":{"rendered":"Misi\u00f3n"},"content":{"rendered":"\n<p>El Colegio de Arquitectos de Bolivia (CAB) es una instituci\u00f3n que agrupa y representa a sus afiliados en el territorio nacional; controla y certifica el ejercicio profesional, generando \u00e1mbitos de participaci\u00f3n orientados al dise\u00f1o de pol\u00edticas p\u00fablicas de planificaci\u00f3n participativa y construcci\u00f3n del h\u00e1bitat, a trav\u00e9s del control social que le corresponde desarrollar como organizaci\u00f3n social de los profesionales del ramo. Asimismo, posibilita el perfeccionamiento profesional especializado, otorgando servicios y protecci\u00f3n a sus asociados.<\/p>\n\n\n\n<h3 class=\"wp-block-heading\"><a href=\"https:\/\/cab.org.bo\/web\/vision\/\" data-type=\"URL\" data-id=\"https:\/\/cab.org.bo\/web\/vision\/\">Visi\u00f3n<\/a><\/h3>\n","protected":false},"excerpt":{"rendered":"<p>El Colegio de Arquitectos de Bolivia (CAB) es una instituci\u00f3n que agrupa y representa a sus afiliados en el territorio nacional; controla y certifica el ejercicio profesional, generando \u00e1mbitos de participaci\u00f3n orientados al dise\u00f1o de pol\u00edticas p\u00fablicas de planificaci\u00f3n participativa y construcci\u00f3n del h\u00e1bitat, a trav\u00e9s del control social que le corresponde desarrollar como organizaci\u00f3n [&hellip;]<\/p>\n","protected":false},"author":1,"featured_media":0,"parent":0,"menu_order":0,"comment_status":"closed","ping_status":"closed","template":"","meta":{"footnotes":""},"class_list":["post-227","page","type-page","status-publish","hentry"],"_links":{"self":[{"href":"https:\/\/cab.org.bo\/web\/wp-json\/wp\/v2\/pages\/227","targetHints":{"allow":["GET"]}}],"collection":[{"href":"https:\/\/cab.org.bo\/web\/wp-json\/wp\/v2\/pages"}],"about":[{"href":"https:\/\/cab.org.bo\/web\/wp-json\/wp\/v2\/types\/page"}],"author":[{"embeddable":true,"href":"https:\/\/cab.org.bo\/web\/wp-json\/wp\/v2\/users\/1"}],"replies":[{"embeddable":true,"href":"https:\/\/cab.org.bo\/web\/wp-json\/wp\/v2\/comments?post=227"}],"version-history":[{"count":4,"href":"https:\/\/cab.org.bo\/web\/wp-json\/wp\/v2\/pages\/227\/revisions"}],"predecessor-version":[{"id":809,"href":"https:\/\/cab.org.bo\/web\/wp-json\/wp\/v2\/pages\/227\/revisions\/809"}],"wp:attachment":[{"href":"https:\/\/cab.org.bo\/web\/wp-json\/wp\/v2\/media?parent=227"}],"curies":[{"name":"wp","href":"https:\/\/api.w.org\/{rel}","templated":true}]}}